{"id":8624,"date":"2024-01-31T06:57:04","date_gmt":"2024-01-31T05:57:04","guid":{"rendered":"https:\/\/animals-cocoon.ch\/?page_id=8624"},"modified":"2024-02-27T17:42:16","modified_gmt":"2024-02-27T16:42:16","slug":"expertise-des-professionnels","status":"publish","type":"page","link":"https:\/\/animals-cocoon.ch\/de\/expertise-des-professionnels\/","title":{"rendered":"Fachwissen von Fachleuten"},"content":{"rendered":"<div data-elementor-type=\"wp-page\" data-elementor-id=\"8624\" class=\"elementor elementor-8624\" data-elementor-post-type=\"page\">\n\t\t\t\t<div class=\"elementor-element elementor-element-06e06cb e-flex e-con-boxed e-con e-parent\" data-id=\"06e06cb\" data-element_type=\"container\" data-e-type=\"container\" data-settings=\"{&quot;background_background&quot;:&quot;classic&quot;,&quot;jet_parallax_layout_list&quot;:[]}\">\n\t\t\t\t\t<div class=\"e-con-inner\">\n\t\t\t\t<div class=\"elementor-element elementor-element-e76c922 elementor-widget elementor-widget-image\" data-id=\"e76c922\" data-element_type=\"widget\" data-e-type=\"widget\" data-widget_type=\"image.default\">\n\t\t\t\t<div class=\"elementor-widget-container\">\n\t\t\t\t\t\t\t\t\t\t\t\t\t\t\t<img fetchpriority=\"high\" decoding=\"async\" width=\"300\" height=\"195\" src=\"https:\/\/animals-cocoon.ch\/wp-content\/uploads\/2023\/03\/Logo-Animals-cocoon.svg\" class=\"attachment-medium size-medium wp-image-11\" alt=\"Logo Animals cocoon\" \/>\t\t\t\t\t\t\t\t\t\t\t\t\t\t\t<\/div>\n\t\t\t\t<\/div>\n\t\t\t\t<div class=\"elementor-element elementor-element-d381291 elementor-widget__width-initial elementor-widget elementor-widget-text-editor\" data-id=\"d381291\" data-element_type=\"widget\" data-e-type=\"widget\" data-widget_type=\"text-editor.default\">\n\t\t\t\t<div class=\"elementor-widget-container\">\n\t\t\t\t\t\t\t\t\t<p>Wir freuen uns, Sie mit Animals Cocoon bekannt zu machen, unserer neuen Plattform, die sich der Kundenverwaltung und -gewinnung f\u00fcr Tierexperten wie Sie widmet.<\/p><p>Um sicherzustellen, dass unsere L\u00f6sung Ihren Bed\u00fcrfnissen und Erwartungen voll und ganz entspricht, haben wir einen Fragebogen entwickelt, mit dem die verschiedenen Funktionen unserer Plattform bewertet werden k\u00f6nnen.<\/p>\t\t\t\t\t\t\t\t<\/div>\n\t\t\t\t<\/div>\n\t\t\t\t<div class=\"elementor-element elementor-element-18763bf elementor-widget elementor-widget-image\" data-id=\"18763bf\" data-element_type=\"widget\" data-e-type=\"widget\" data-widget_type=\"image.default\">\n\t\t\t\t<div class=\"elementor-widget-container\">\n\t\t\t\t\t\t\t\t\t\t\t\t\t\t\t<img decoding=\"async\" width=\"1260\" height=\"609\" src=\"https:\/\/animals-cocoon.ch\/wp-content\/uploads\/2024\/01\/Expertise-des-Professionnels.png\" class=\"attachment-full size-full wp-image-8629\" alt=\"\" srcset=\"https:\/\/animals-cocoon.ch\/wp-content\/uploads\/2024\/01\/Expertise-des-Professionnels.png 1260w, https:\/\/animals-cocoon.ch\/wp-content\/uploads\/2024\/01\/Expertise-des-Professionnels-300x145.png 300w, https:\/\/animals-cocoon.ch\/wp-content\/uploads\/2024\/01\/Expertise-des-Professionnels-1024x495.png 1024w, https:\/\/animals-cocoon.ch\/wp-content\/uploads\/2024\/01\/Expertise-des-Professionnels-768x371.png 768w, https:\/\/animals-cocoon.ch\/wp-content\/uploads\/2024\/01\/Expertise-des-Professionnels-18x9.png 18w, https:\/\/animals-cocoon.ch\/wp-content\/uploads\/2024\/01\/Expertise-des-Professionnels-600x290.png 600w\" sizes=\"(max-width: 1260px) 100vw, 1260px\" \/>\t\t\t\t\t\t\t\t\t\t\t\t\t\t\t<\/div>\n\t\t\t\t<\/div>\n\t\t\t\t<div class=\"elementor-element elementor-element-1b2ecaa elementor-widget__width-initial elementor-widget elementor-widget-heading\" data-id=\"1b2ecaa\" data-element_type=\"widget\" data-e-type=\"widget\" data-widget_type=\"heading.default\">\n\t\t\t\t<div class=\"elementor-widget-container\">\n\t\t\t\t\t<p class=\"elementor-heading-title elementor-size-default\">Ihre Erfahrung, Ihr Eindruck von Ergonomie (UX)\nund Interface-Design (UI) sind f\u00fcr uns von entscheidender Bedeutung. <\/p>\t\t\t\t<\/div>\n\t\t\t\t<\/div>\n\t\t\t\t<div class=\"elementor-element elementor-element-f2e7810 elementor-widget__width-initial elementor-widget elementor-widget-text-editor\" data-id=\"f2e7810\" data-element_type=\"widget\" data-e-type=\"widget\" data-widget_type=\"text-editor.default\">\n\t\t\t\t<div class=\"elementor-widget-container\">\n\t\t\t\t\t\t\t\t\t<p>Ihr Feedback wird dazu beitragen, unsere Plattform zu verbessern und zu verfeinern, um sie zu einem unverzichtbaren Werkzeug f\u00fcr alle Fachleute im Tierbereich zu machen.<\/p>\t\t\t\t\t\t\t\t<\/div>\n\t\t\t\t<\/div>\n\t\t\t\t<div class=\"elementor-element elementor-element-22b592c elementor-widget elementor-widget-image\" data-id=\"22b592c\" data-element_type=\"widget\" data-e-type=\"widget\" data-widget_type=\"image.default\">\n\t\t\t\t<div class=\"elementor-widget-container\">\n\t\t\t\t\t\t\t\t\t\t\t\t\t\t\t<img decoding=\"async\" width=\"1040\" height=\"356\" src=\"https:\/\/animals-cocoon.ch\/wp-content\/uploads\/2024\/01\/Image-votre-expertise.jpg\" class=\"attachment-full size-full wp-image-8631\" alt=\"\" srcset=\"https:\/\/animals-cocoon.ch\/wp-content\/uploads\/2024\/01\/Image-votre-expertise.jpg 1040w, https:\/\/animals-cocoon.ch\/wp-content\/uploads\/2024\/01\/Image-votre-expertise-300x103.jpg 300w, https:\/\/animals-cocoon.ch\/wp-content\/uploads\/2024\/01\/Image-votre-expertise-1024x351.jpg 1024w, https:\/\/animals-cocoon.ch\/wp-content\/uploads\/2024\/01\/Image-votre-expertise-768x263.jpg 768w, https:\/\/animals-cocoon.ch\/wp-content\/uploads\/2024\/01\/Image-votre-expertise-18x6.jpg 18w, https:\/\/animals-cocoon.ch\/wp-content\/uploads\/2024\/01\/Image-votre-expertise-600x205.jpg 600w\" sizes=\"(max-width: 1040px) 100vw, 1040px\" \/>\t\t\t\t\t\t\t\t\t\t\t\t\t\t\t<\/div>\n\t\t\t\t<\/div>\n\t\t\t\t<div class=\"elementor-element elementor-element-f1f8e77 elementor-widget__width-initial elementor-widget elementor-widget-text-editor\" data-id=\"f1f8e77\" data-element_type=\"widget\" data-e-type=\"widget\" data-widget_type=\"text-editor.default\">\n\t\t\t\t<div class=\"elementor-widget-container\">\n\t\t\t\t\t\t\t\t\t<p>Dieser Fragebogen wird Sie nur wenige Minuten in Anspruch nehmen. <br \/>Jede R\u00fcckmeldung, ob positiv oder negativ, ist f\u00fcr uns wertvoll. Wir versichern Ihnen, dass alle Angaben vertraulich behandelt werden.<\/p><p>Als Dankesch\u00f6n f\u00fcr Ihre Zeit und Ihre Beitr\u00e4ge zur Verbesserung von Animals Cocoon freuen wir uns, Ihnen ein kostenloses Jahr in der Premium-Version unserer Plattform anbieten zu k\u00f6nnen, sobald Sie den Fragebogen beantwortet und sich angemeldet haben. Vielen Dank im Voraus f\u00fcr Ihre Teilnahme.<\/p>\t\t\t\t\t\t\t\t<\/div>\n\t\t\t\t<\/div>\n\t\t\t\t<div class=\"elementor-element elementor-element-3a0f1d8 elementor-widget__width-initial elementor-widget elementor-widget-jet-form-builder-form\" data-id=\"3a0f1d8\" data-element_type=\"widget\" data-e-type=\"widget\" data-widget_type=\"jet-form-builder-form.default\">\n\t\t\t\t<div class=\"elementor-widget-container\">\n\t\t\t\t\t<link rel='stylesheet' id='wp-block-library-css' href='https:\/\/animals-cocoon.ch\/wp-includes\/css\/dist\/block-library\/style.min.css?ver=ecb5c45e6878e90d01d2fc4c379ce03f' media='all' \/>\n<style id=\"jet-form-builder-8645-inline-css\"><\/style><form  class=\"jet-form-builder layout-column submit-type-ajax\" action=\"https:\/\/animals-cocoon.ch\/de\/wp-json\/wp\/v2\/pages\/8624\/?ddxAzb=p7dOYxy1LF&#038;method=reload\" method=\"POST\" data-form-id=\"8645\" data-layout=\"column\" enctype=\"multipart\/form-data\" data-clear=\"1\" novalidate=\"null\" ssr_validation_method=\"rest\" data-trp-original-action=\"https:\/\/animals-cocoon.ch\/de\/wp-json\/wp\/v2\/pages\/8624\/?ddxAzb=p7dOYxy1LF&amp;method=reload\"><input type=\"hidden\" class=\"jet-form-builder__field hidden-field\" name=\"_jfb_csrf_token\" data-field-name=\"_jfb_csrf_token\" value=\"c501e80d3ec0c5f6e5a3d32991b0dd79\">\n<input type=\"hidden\" id=\"_wpnonce\" name=\"_wpnonce\" value=\"0d615d9313\" \/><input type=\"hidden\" name=\"_wp_http_referer\" value=\"\/de\/wp-json\/wp\/v2\/pages\/8624\" \/>\r\n<input type=\"hidden\" name=\"_jfb_current_render_states[]\" value=\"DEFAULT.STATE\" data-jfb-sync \/><input type=\"hidden\" class=\"jet-form-builder__field hidden-field\" name=\"_jet_engine_booking_form_id\" data-field-name=\"_jet_engine_booking_form_id\" value=\"8645\">\n<input type=\"hidden\" class=\"jet-form-builder__field hidden-field\" name=\"_jet_engine_refer\" data-field-name=\"_jet_engine_refer\" value=\"https:\/\/animals-cocoon.ch\/de\/wp-json\/wp\/v2\/pages\/8624\/\">\n<input type=\"hidden\" class=\"jet-form-builder__field hidden-field\" name=\"__queried_post_id\" data-field-name=\"__queried_post_id\" value=\"8624\">\n\n<input type=\"hidden\" class=\"jet-form-builder__field hidden-field\" name=\"post_id\" data-field-name=\"post_id\" data-jfb-sync=\"null\" value=\"8624\">\n\n\n\n\n<div class=\"wp-block-columns is-layout-flex wp-container-core-columns-is-layout-28f84493 wp-block-columns-is-layout-flex\">\n<div class=\"wp-block-column is-layout-flow wp-block-column-is-layout-flow\" style=\"flex-basis:50%\"><div  data-validation-type=\"advanced\" class=\"jet-form-builder-row field-type-text-field\" >\n<div class=\"jet-form-builder__field-wrap\">\n\t\t\t\t<input placeholder=\"Ihr Vorname\" required=\"required\" name=\"prenom\" id=\"prenom\" type=\"text\" data-field-name=\"prenom\" class=\"jet-form-builder__field text-field\" data-jfb-sync=\"null\" autocomplete=\"off_HA70gkP2\">\n\t\t\t\t\t<\/div>\n<\/div><\/div>\n\n\n\n<div class=\"wp-block-column is-layout-flow wp-block-column-is-layout-flow\" style=\"flex-basis:50%\"><div  data-validation-type=\"advanced\" class=\"jet-form-builder-row field-type-text-field\" >\n<div class=\"jet-form-builder__field-wrap\">\n\t\t\t\t<input placeholder=\"Ihr Name\" required=\"required\" name=\"nom\" id=\"nom\" type=\"text\" data-field-name=\"nom\" class=\"jet-form-builder__field text-field\" data-jfb-sync=\"null\" autocomplete=\"off_Gzu9VZyp\">\n\t\t\t\t\t<\/div>\n<\/div><\/div>\n<\/div>\n\n\n\n<div class=\"wp-block-columns is-layout-flex wp-container-core-columns-is-layout-28f84493 wp-block-columns-is-layout-flex\">\n<div class=\"wp-block-column is-layout-flow wp-block-column-is-layout-flow\" style=\"flex-basis:50%\"><div  data-validation-type=\"advanced\" class=\"jet-form-builder-row field-type-text-field\" >\n<div class=\"jet-form-builder__field-wrap\">\n\t\t\t\t<input placeholder=\"Deine E-Mail\" required=\"required\" name=\"email\" id=\"email\" type=\"email\" data-field-name=\"email\" class=\"jet-form-builder__field text-field\" data-jfb-sync=\"null\" autocomplete=\"off_1jRYqsnH\">\n\t\t\t\t\t<\/div>\n<\/div><\/div>\n\n\n\n<div class=\"wp-block-column is-layout-flow wp-block-column-is-layout-flow\" style=\"flex-basis:50%\"><div  data-validation-type=\"advanced\" class=\"jet-form-builder-row field-type-text-field\" >\n<div class=\"jet-form-builder__field-wrap\">\n\t\t\t\t<input placeholder=\"Ihre Telefonnummer\" required=\"required\" name=\"telephone\" id=\"telephone\" type=\"tel\" data-field-name=\"telephone\" class=\"jet-form-builder__field text-field\" data-jfb-sync=\"null\" autocomplete=\"off_MaCzwD1q\">\n\t\t\t\t\t<\/div>\n<\/div><\/div>\n<\/div>\n\n\n<div  class=\"jet-form-builder-row field-type-textarea-field\" >\n<div class=\"jet-form-builder__field-wrap\">\n\t\t<textarea class=\"jet-form-builder__field textarea-field\" placeholder=\"Details zu Ihrer T\u00e4tigkeit, Ihrer Adresse...\" required=\"required\" name=\"activite\" data-field-name=\"activite\" id=\"activite\" data-jfb-sync=\"null\"><\/textarea>\n\t<\/div>\n<\/div>\n\n<div  class=\"jet-form-builder-row field-type-textarea-field\" >\n<div class=\"jet-form-builder__field-wrap\">\n\t\t<textarea class=\"jet-form-builder__field textarea-field\" placeholder=\"Ihr Eindruck, Ihre Meinung \u00fcber die Seite\" required=\"required\" name=\"impression\" data-field-name=\"impression\" id=\"impression\" data-jfb-sync=\"null\"><\/textarea>\n\t<\/div>\n<\/div>\n\n<div  class=\"jet-form-builder-row field-type-textarea-field\" >\n<div class=\"jet-form-builder__field-wrap\">\n\t\t<textarea class=\"jet-form-builder__field textarea-field\" placeholder=\"Beschreibung Ihrer Bed\u00fcrfnisse, Erwartungen, gew\u00fcnschten spezifischen Funktionen\" required=\"required\" name=\"attente\" data-field-name=\"attente\" id=\"attente\" data-jfb-sync=\"null\"><\/textarea>\n\t<\/div>\n<\/div>\n\n<div  class=\"jet-form-builder-row field-type-checkbox-field\" >\n<div class=\"jet-form-builder__fields-group checkradio-wrap\" data-jfb-sync><div class=\"jet-form-builder__field-wrap checkboxes-wrap checkradio-wrap\"><label class=\"jet-form-builder__field-label for-checkbox\">\n\t\t\t<input type=\"checkbox\" name=\"politique\" value=\"accepte\" data-field-name=\"politique\"  class=\"jet-form-builder__field checkboxes-field checkradio-field\" required=\"required\"><span>Ich akzeptiere die <a href=\"https:\/\/animals-cocoon.ch\/de\/politique-de-confidentialite\/\" target=\"_blank\">Datenschutzrichtlinie<\/a>  von Animals Cocoon<\/span><\/label><\/div><\/div>\n<\/div>\n\n<div class=\"jfb-visually-hidden\" tabindex=\"-1\"><div class=\"jet-form-builder__field-wrap\">\n\t\t\t\t<input name=\"_email\" id=\"_email\" type=\"email\" data-field-name=\"_email\" class=\"jet-form-builder__field text-field\" data-jfb-sync=\"null\" autocomplete=\"off_EeV3P06u\">\n\t\t\t\t\t<\/div><\/div><div  class=\"jet-form-builder-row field-type-submit-field\" >\n\t<div data-type=\"submit\" class=\"jet-form-builder__action-button-wrapper jet-form-builder__submit-wrap\">\n\t<button class=\"jet-form-builder__action-button jet-form-builder__submit submit-type-ajax\" type=\"submit\">Anmelden<\/button>\n\t<\/div>\n\t\n<\/div>\t<div class=\"jet-form-builder-messages-wrap\" data-form-id=\"8645\"><\/div>\n<input type=\"hidden\" name=\"trp-form-language\" value=\"de\"\/><\/form>\n\t\t\t\t<\/div>\n\t\t\t\t<\/div>\n\t\t\t\t\t<\/div>\n\t\t\t\t<\/div>\n\t\t\t\t<\/div>","protected":false},"excerpt":{"rendered":"<p>Nous sommes ravis de vous introduire \u00e0 Animals Cocoon, notre nouvelle plateforme d\u00e9di\u00e9e \u00e0 la gestion et \u00e0 l&rsquo;acquisition de clients pour des experts animaliers comme vous. Pour s&rsquo;assurer que notre solution r\u00e9pond parfaitement \u00e0 vos besoins et attentes, nous avons con\u00e7u un questionnaire pour \u00e9valuer les diff\u00e9rentes fonctionnalit\u00e9s de notre plateforme. Votre exp\u00e9rience, vos [&hellip;]<\/p>\n","protected":false},"author":1,"featured_media":0,"parent":0,"menu_order":0,"comment_status":"closed","ping_status":"closed","template":"","meta":{"pmpro_default_level":"","footnotes":""},"class_list":["post-8624","page","type-page","status-publish","hentry","pmpro-has-access"],"_links":{"self":[{"href":"https:\/\/animals-cocoon.ch\/de\/wp-json\/wp\/v2\/pages\/8624","targetHints":{"allow":["GET"]}}],"collection":[{"href":"https:\/\/animals-cocoon.ch\/de\/wp-json\/wp\/v2\/pages"}],"about":[{"href":"https:\/\/animals-cocoon.ch\/de\/wp-json\/wp\/v2\/types\/page"}],"author":[{"embeddable":true,"href":"https:\/\/animals-cocoon.ch\/de\/wp-json\/wp\/v2\/users\/1"}],"replies":[{"embeddable":true,"href":"https:\/\/animals-cocoon.ch\/de\/wp-json\/wp\/v2\/comments?post=8624"}],"version-history":[{"count":34,"href":"https:\/\/animals-cocoon.ch\/de\/wp-json\/wp\/v2\/pages\/8624\/revisions"}],"predecessor-version":[{"id":8674,"href":"https:\/\/animals-cocoon.ch\/de\/wp-json\/wp\/v2\/pages\/8624\/revisions\/8674"}],"wp:attachment":[{"href":"https:\/\/animals-cocoon.ch\/de\/wp-json\/wp\/v2\/media?parent=8624"}],"curies":[{"name":"wp","href":"https:\/\/api.w.org\/{rel}","templated":true}]}}